{"id":503,"date":"2023-12-22T16:10:41","date_gmt":"2023-12-22T16:10:41","guid":{"rendered":"http:\/\/micheldurighello.work.gd\/?page_id=503"},"modified":"2023-12-22T16:10:41","modified_gmt":"2023-12-22T16:10:41","slug":"formations","status":"publish","type":"page","link":"http:\/\/www.micheldurighello.be\/index.php\/formations\/","title":{"rendered":"Formations"},"content":{"rendered":"\t\t<div data-elementor-type=\"wp-page\" data-elementor-id=\"503\" class=\"elementor elementor-503\">\n\t\t\t\t<div class=\"elementor-element elementor-element-5dbd796 e-flex e-con-boxed e-con e-parent\" data-id=\"5dbd796\" data-element_type=\"container\" data-settings=\"{&quot;content_width&quot;:&quot;boxed&quot;}\" data-core-v316-plus=\"true\">\n\t\t\t\t\t<div class=\"e-con-inner\">\n\t\t\t\t<div class=\"elementor-element elementor-element-2560e26 elementor-widget elementor-widget-heading\" data-id=\"2560e26\" data-element_type=\"widget\" data-widget_type=\"heading.default\">\n\t\t\t\t<div class=\"elementor-widget-container\">\n\t\t\t<style>\/*! elementor - v3.19.0 - 28-02-2024 *\/\n.elementor-heading-title{padding:0;margin:0;line-height:1}.elementor-widget-heading .elementor-heading-title[class*=elementor-size-]>a{color:inherit;font-size:inherit;line-height:inherit}.elementor-widget-heading .elementor-heading-title.elementor-size-small{font-size:15px}.elementor-widget-heading .elementor-heading-title.elementor-size-medium{font-size:19px}.elementor-widget-heading .elementor-heading-title.elementor-size-large{font-size:29px}.elementor-widget-heading .elementor-heading-title.elementor-size-xl{font-size:39px}.elementor-widget-heading .elementor-heading-title.elementor-size-xxl{font-size:59px}<\/style><h2 class=\"elementor-heading-title elementor-size-default\">Formation<\/h2>\t\t<\/div>\n\t\t\t\t<\/div>\n\t\t\t\t\t<\/div>\n\t\t\t\t<\/div>\n\t\t<div class=\"elementor-element elementor-element-f626b92 e-flex e-con-boxed e-con e-parent\" data-id=\"f626b92\" data-element_type=\"container\" data-settings=\"{&quot;content_width&quot;:&quot;boxed&quot;}\" data-core-v316-plus=\"true\">\n\t\t\t\t\t<div class=\"e-con-inner\">\n\t\t\t\t<div class=\"elementor-element elementor-element-f727a00 elementor-widget elementor-widget-text-editor\" data-id=\"f727a00\" data-element_type=\"widget\" data-widget_type=\"text-editor.default\">\n\t\t\t\t<div class=\"elementor-widget-container\">\n\t\t\t<style>\/*! elementor - v3.19.0 - 28-02-2024 *\/\n.elementor-widget-text-editor.elementor-drop-cap-view-stacked .elementor-drop-cap{background-color:#69727d;color:#fff}.elementor-widget-text-editor.elementor-drop-cap-view-framed .elementor-drop-cap{color:#69727d;border:3px solid;background-color:transparent}.elementor-widget-text-editor:not(.elementor-drop-cap-view-default) .elementor-drop-cap{margin-top:8px}.elementor-widget-text-editor:not(.elementor-drop-cap-view-default) .elementor-drop-cap-letter{width:1em;height:1em}.elementor-widget-text-editor .elementor-drop-cap{float:left;text-align:center;line-height:1;font-size:50px}.elementor-widget-text-editor .elementor-drop-cap-letter{display:inline-block}<\/style>\t\t\t\t<p><span style=\"text-decoration: underline;\"><strong>Ing\u00e9nieur civil des mines :<\/strong> <\/span>Universit\u00e9 Libre de Bruxelles (1990-1995).<br \/><span style=\"text-decoration: underline;\"><strong>Cycle pour la coop\u00e9ration au d\u00e9veloppement :\u00a0<\/strong><\/span> AGCD (f\u00e9vrier 1996).<br \/><span style=\"text-decoration: underline;\"><strong>DESS en environnement orientation gestion des eaux :\u00a0<\/strong><\/span> Fondation Universitaire Luxembourgeoise (1996-1997).<br \/><span style=\"text-decoration: underline;\"><strong>Graduat en analyse programmation :\u00a0<\/strong><\/span> IEPSCF (1998-1999).<br \/><span style=\"text-decoration: underline;\"><strong>Formation professionnelle UNIX :\u00a0<\/strong><\/span> Steria (Mars-Avril 2004).<br \/><span style=\"text-decoration: underline;\"><strong>Formation professionnelle JAVA :<\/strong> <\/span>Technofuture Tic (15-20\/10\/2009).<\/p>\t\t\t\t\t\t<\/div>\n\t\t\t\t<\/div>\n\t\t\t\t\t<\/div>\n\t\t\t\t<\/div>\n\t\t\t\t<\/div>\n\t\t","protected":false},"excerpt":{"rendered":"<p>Formation Ing\u00e9nieur civil des mines : Universit\u00e9 Libre de Bruxelles (1990-1995).Cycle pour la coop\u00e9ration au d\u00e9veloppement :\u00a0 AGCD (f\u00e9vrier 1996).DESS en environnement orientation gestion des eaux :\u00a0 Fondation Universitaire Luxembourgeoise (1996-1997).Graduat en analyse programmation :\u00a0 IEPSCF (1998-1999).Formation professionnelle UNIX :\u00a0 Steria (Mars-Avril 2004).Formation professionnelle JAVA : Technofuture Tic (15-20\/10\/2009).<\/p>\n","protected":false},"author":1,"featured_media":0,"parent":0,"menu_order":0,"comment_status":"closed","ping_status":"closed","template":"page-templates\/template-pagebuilder-full-width.php","meta":{"neve_meta_sidebar":"","neve_meta_container":"","neve_meta_enable_content_width":"","neve_meta_content_width":0,"neve_meta_title_alignment":"","neve_meta_author_avatar":"","neve_post_elements_order":"","neve_meta_disable_header":"","neve_meta_disable_footer":"","neve_meta_disable_title":"","footnotes":""},"class_list":["post-503","page","type-page","status-publish","hentry"],"_links":{"self":[{"href":"http:\/\/www.micheldurighello.be\/index.php\/wp-json\/wp\/v2\/pages\/503","targetHints":{"allow":["GET"]}}],"collection":[{"href":"http:\/\/www.micheldurighello.be\/index.php\/wp-json\/wp\/v2\/pages"}],"about":[{"href":"http:\/\/www.micheldurighello.be\/index.php\/wp-json\/wp\/v2\/types\/page"}],"author":[{"embeddable":true,"href":"http:\/\/www.micheldurighello.be\/index.php\/wp-json\/wp\/v2\/users\/1"}],"replies":[{"embeddable":true,"href":"http:\/\/www.micheldurighello.be\/index.php\/wp-json\/wp\/v2\/comments?post=503"}],"version-history":[{"count":0,"href":"http:\/\/www.micheldurighello.be\/index.php\/wp-json\/wp\/v2\/pages\/503\/revisions"}],"wp:attachment":[{"href":"http:\/\/www.micheldurighello.be\/index.php\/wp-json\/wp\/v2\/media?parent=503"}],"curies":[{"name":"wp","href":"https:\/\/api.w.org\/{rel}","templated":true}]}}